{"id":208,"date":"2025-06-17T11:30:29","date_gmt":"2025-06-17T11:30:29","guid":{"rendered":"http:\/\/chamzet.wordpress.com\/?page_id=1"},"modified":"2025-07-17T07:33:53","modified_gmt":"2025-07-17T07:33:53","slug":"about","status":"publish","type":"page","link":"https:\/\/www.chamz.fun\/?page_id=208","title":{"rendered":"V\u1ec1 ch\u00fang t\u00f4i"},"content":{"rendered":"\n<div class=\"wp-block-group alignfull has-global-padding is-layout-constrained wp-block-group-is-layout-constrained\" style=\"border-bottom-width:1px;margin-top:0;margin-bottom:var(--wp--preset--spacing--30);padding-top:var(--wp--preset--spacing--30);padding-bottom:var(--wp--preset--spacing--30)\">\n<header class=\"wp-block-group alignwide is-content-justification-space-between is-nowrap is-layout-flex wp-container-core-group-is-layout-eeb91d56 wp-block-group-is-layout-flex\" style=\"margin-top:0;margin-bottom:0\">\n<div class=\"wp-block-group is-nowrap is-layout-flex wp-container-core-group-is-layout-f1189ed3 wp-block-group-is-layout-flex\">\n<div class=\"wp-block-group is-nowrap is-layout-flex wp-container-core-group-is-layout-6c531013 wp-block-group-is-layout-flex\"><h1 class=\"has-text-align-left wp-block-site-title has-x-large-font-size\"><a href=\"https:\/\/www.chamz.fun\" target=\"_self\" rel=\"home\">Ch\u1ea1m Z<\/a><\/h1><\/div>\n<\/div>\n\n\n\n<div class=\"wp-block-group is-nowrap is-layout-flex wp-container-core-group-is-layout-f1189ed3 wp-block-group-is-layout-flex\"><\/div>\n<\/header>\n<\/div>\n\n\n\n<div class=\"wp-block-group alignfull is-style-section-3 has-global-padding is-content-justification-center is-layout-constrained wp-block-group-is-layout-constrained\" style=\"margin-top:0;margin-bottom:0;padding-top:var(--wp--preset--spacing--40);padding-bottom:var(--wp--preset--spacing--40)\">\n<div class=\"wp-block-columns alignwide are-vertically-aligned-center is-layout-flex wp-container-core-columns-is-layout-08c01c1c wp-block-columns-is-layout-flex\">\n<div class=\"wp-block-column is-vertically-aligned-center is-layout-flow wp-block-column-is-layout-flow\">\n<figure class=\"wp-block-image aligncenter size-full\"><img loading=\"lazy\" decoding=\"async\" width=\"1280\" height=\"1280\" src=\"https:\/\/www.chamz.fun\/wp-content\/uploads\/2025\/07\/z6756289073537_1be9053cfba62626c25dc70a844226d5.jpg\" alt=\"\" class=\"wp-image-792\" srcset=\"https:\/\/www.chamz.fun\/wp-content\/uploads\/2025\/07\/z6756289073537_1be9053cfba62626c25dc70a844226d5.jpg 1280w, https:\/\/www.chamz.fun\/wp-content\/uploads\/2025\/07\/z6756289073537_1be9053cfba62626c25dc70a844226d5-300x300.jpg 300w, https:\/\/www.chamz.fun\/wp-content\/uploads\/2025\/07\/z6756289073537_1be9053cfba62626c25dc70a844226d5-1024x1024.jpg 1024w, https:\/\/www.chamz.fun\/wp-content\/uploads\/2025\/07\/z6756289073537_1be9053cfba62626c25dc70a844226d5-150x150.jpg 150w, https:\/\/www.chamz.fun\/wp-content\/uploads\/2025\/07\/z6756289073537_1be9053cfba62626c25dc70a844226d5-768x768.jpg 768w, https:\/\/www.chamz.fun\/wp-content\/uploads\/2025\/07\/z6756289073537_1be9053cfba62626c25dc70a844226d5-600x600.jpg 600w\" sizes=\"auto, (max-width: 1280px) 100vw, 1280px\" \/><\/figure>\n<\/div>\n\n\n\n<div class=\"wp-block-column is-vertically-aligned-center has-global-padding is-content-justification-left is-layout-constrained wp-container-core-column-is-layout-8aae6cd0 wp-block-column-is-layout-constrained\">\n<h2 class=\"wp-block-heading\">Ch\u1ea1m Z<\/h2>\n\n\n\n<h3 class=\"wp-block-heading\">Ch\u1ea1m \u0111\u1ec3 hi\u1ec3u, ch\u1ea1m \u0111\u1ec3 l\u1edbn \u2013 Ch\u1ea1m Z, n\u01a1i Gen Z k\u1ebft n\u1ed1i v\u1edbi th\u1ebf gi\u1edbi!<\/h3>\n\n\n\n<p>&#8220;Ch\u1ea1m Z&#8221; kh\u00f4ng ch\u1ec9 \u0111\u01a1n thu\u1ea7n l\u00e0 m\u1ed9t trang b\u00e1o \u0111i\u1ec7n t\u1eed \u2013 m\u00e0 l\u00e0 n\u01a1i k\u1ebft n\u1ed1i tri th\u1ee9c v\u00e0 lan t\u1ecfa th\u00f4ng tin v\u1edbi g\u00f3c nh\u00ecn \u0111a chi\u1ec1u. \u0110\u1eddi s\u1ed1ng, c\u00f4ng ngh\u1ec7, v\u0103n h\u00f3a \u2013 l\u1ecbch s\u1eed , ngh\u1ec7 thu\u1eadt, v\u00e0 nhi\u1ec1u l\u0129nh v\u1ef1c kh\u00e1c ph\u00f9 h\u1ee3p v\u1edbi nhu c\u1ea7u v\u00e0 quan t\u00e2m c\u1ee7a t\u1ea5t c\u1ea3 m\u1ecdi ng\u01b0\u1eddi. <\/p>\n\n\n\n<p>Ch\u00fang t\u00f4i tin r\u1eb1ng, ch\u1ec9 c\u1ea7n m\u1ed9t c\u00fa \u201cch\u1ea1m\u201d \u0111\u00fang c\u00e1ch, \u0111\u00fang l\u00fac v\u00e0 \u0111\u00fang ch\u1ed7 &#8211; ch\u00fang ta kh\u00f4ng ch\u1ec9 bi\u1ebft, m\u00e0 c\u00f2n hi\u1ec3u. Kh\u00f4ng ch\u1ec9 \u0111\u1ecdc, m\u00e0 c\u00f2n ngh\u0129. Kh\u00f4ng ch\u1ec9 c\u1eadp nh\u1eadt, m\u00e0 c\u00f2n thay \u0111\u1ed5i. <\/p>\n\n\n\n<p>Ch\u1ea1m Z &#8211; V\u00ec m\u1ed7i c\u00fa &#8220;cham&#8221; l\u00e0 m\u1ed9t l\u1ea7n khai m\u1edf.<\/p>\n<\/div>\n<\/div>\n<\/div>\n\n\n\n<div class=\"wp-block-group alignfull has-global-padding is-layout-constrained wp-container-core-group-is-layout-65570c2e wp-block-group-is-layout-constrained\" style=\"margin-top:0;margin-bottom:0;padding-top:var(--wp--preset--spacing--50);padding-bottom:var(--wp--preset--spacing--50)\">\n<div class=\"wp-block-group has-global-padding is-layout-constrained wp-container-core-group-is-layout-2004cc39 wp-block-group-is-layout-constrained\">\n<h2 class=\"wp-block-heading has-text-align-center has-x-large-font-size\">Ch\u00fang t\u00f4i l\u00e0 ai?<\/h2>\n\n\n\n<p class=\"has-text-align-center\">Ch\u1ea1m Z l\u00e0 m\u1ed9t nh\u00f3m nh\u1eefng ng\u01b0\u1eddi tr\u1ebb \u2013 s\u1ed1ng th\u1eadt, ngh\u0129 l\u1edbn v\u00e0 d\u00e1m th\u1eed. Ch\u00fang t\u00f4i kh\u00f4ng ch\u1ec9 \u0111\u01b0a tin m\u00e0 c\u00f2n k\u1ec3 nh\u1eefng c\u00e2u chuy\u1ec7n, m\u1edf ra g\u00f3c nh\u00ecn \u0111a chi\u1ec1u v\u00e0 ki\u1ebfn t\u1ea1o m\u1ed9t kh\u00f4ng gian truy\u1ec1n th\u00f4ng m\u00e0 \u1edf \u0111\u00f3, Gen Z c\u00f3 th\u1ec3 nh\u00ecn th\u1ea5y ch\u00ednh m\u00ecnh.<\/p>\n\n\n\n<p class=\"has-text-align-center\">Ch\u1ea1m Z kh\u00f4ng c\u1ed1 g\u1eafng n\u00f3i thay b\u1ea1n \u2013 ch\u00fang t\u00f4i n\u00f3i c\u00f9ng b\u1ea1n, ngh\u0129 c\u00f9ng b\u1ea1n, v\u00e0 t\u1ea1o n\u00ean m\u1ed9t n\u1ec1n t\u1ea3ng n\u01a1i m\u1ecdi c\u1ea3m x\u00fac, \u00fd t\u01b0\u1edfng, tr\u0103n tr\u1edf v\u00e0 kh\u00e1m ph\u00e1 c\u1ee7a Gen Z \u0111\u1ec1u \u0111\u01b0\u1ee3c t\u00f4n tr\u1ecdng v\u00e0 khu\u1ebfch \u0111\u1ea1i.<\/p>\n<\/div>\n\n\n\n<figure class=\"wp-block-image alignwide size-full\"><img loading=\"lazy\" decoding=\"async\" width=\"1280\" height=\"1280\" src=\"https:\/\/www.chamz.fun\/wp-content\/uploads\/2025\/07\/anh-tach-nen.png\" alt=\"\" class=\"wp-image-848\" srcset=\"https:\/\/www.chamz.fun\/wp-content\/uploads\/2025\/07\/anh-tach-nen.png 1280w, https:\/\/www.chamz.fun\/wp-content\/uploads\/2025\/07\/anh-tach-nen-300x300.png 300w, https:\/\/www.chamz.fun\/wp-content\/uploads\/2025\/07\/anh-tach-nen-1024x1024.png 1024w, https:\/\/www.chamz.fun\/wp-content\/uploads\/2025\/07\/anh-tach-nen-150x150.png 150w, https:\/\/www.chamz.fun\/wp-content\/uploads\/2025\/07\/anh-tach-nen-768x768.png 768w, https:\/\/www.chamz.fun\/wp-content\/uploads\/2025\/07\/anh-tach-nen-600x600.png 600w\" sizes=\"auto, (max-width: 1280px) 100vw, 1280px\" \/><\/figure>\n<\/div>\n\n\n\n<h2 class=\"wp-block-heading has-x-large-font-size\">Ch\u00fang t\u00f4i vi\u1ebft v\u1ec1 \u0111i\u1ec1u g\u00ec?<\/h2>\n\n\n\n<p>Ch\u1ea1m Z kh\u00f4ng ph\u1ea3i l\u00e0 m\u1ed9t \u201ctrang tin truy\u1ec1n th\u1ed1ng\u201d. Ch\u00fang t\u00f4i l\u00e0 m\u1ed9t t\u1ea5m g\u01b0\u01a1ng ph\u1ea3n chi\u1ebfu \u0111\u1ea7y m\u00e0u s\u1eafc c\u1ee7a cu\u1ed9c s\u1ed1ng Gen Z hi\u1ec7n \u0111\u1ea1i. V\u1edbi 7 chuy\u00ean m\u1ee5c \u0111\u1eb7c tr\u01b0ng, n\u1ed9i dung c\u1ee7a Ch\u1ea1m Z lu\u00f4n \u0111\u01b0\u1ee3c c\u1eadp nh\u1eadt theo tinh th\u1ea7n:<\/p>\n\n\n\n<div class=\"wp-block-group alignfull is-style-section-1 has-global-padding is-content-justification-center is-layout-constrained wp-block-group-is-layout-constrained\" style=\"margin-top:0;margin-bottom:0;padding-top:var(--wp--preset--spacing--60);padding-bottom:var(--wp--preset--spacing--60)\">\n<div class=\"wp-block-columns alignwide is-layout-flex wp-container-core-columns-is-layout-08c01c1c wp-block-columns-is-layout-flex\">\n<div class=\"wp-block-column is-layout-flow wp-block-column-is-layout-flow\">\n<h3 class=\"wp-block-heading has-medium-font-size\">\ud83d\udcf1 <strong>Tek-life<\/strong><\/h3>\n\n\n\n<p>Ch\u1ea1m v\u00e0o c\u00f4ng ngh\u1ec7 \u2013 ch\u1ea1m v\u00e0o t\u01b0\u01a1ng lai.<br>T\u1ea1i \u0111\u00e2y, b\u1ea1n s\u1ebd t\u00ecm th\u1ea5y t\u1ea5t c\u1ea3 nh\u1eefng \u0111i\u1ec1u th\u00fa v\u1ecb xoay quanh c\u00f4ng ngh\u1ec7, k\u1ef9 thu\u1eadt s\u1ed1, m\u1ea1ng x\u00e3 h\u1ed9i, xu h\u01b0\u1edbng AI, \u1ee9ng d\u1ee5ng \u0111\u1eddi s\u1ed1ng s\u1ed1 v\u00e0 c\u00e1c ph\u00e1t minh \u0111ang \u0111\u1ecbnh h\u00ecnh th\u1ebf gi\u1edbi. Ch\u00fang t\u00f4i kh\u00f4ng ch\u1ec9 \u0111\u01b0a tin \u2013 ch\u00fang t\u00f4i gi\u1ea3i m\u00e3 c\u00f4ng ngh\u1ec7 theo c\u00e1ch d\u1ec5 hi\u1ec3u, tr\u1ebb trung v\u00e0 c\u1ef1c \u201cb\u1eaft trend\u201d.<\/p>\n<\/div>\n\n\n\n<div class=\"wp-block-column is-layout-flow wp-block-column-is-layout-flow\">\n<h3 class=\"wp-block-heading has-medium-font-size\">\ud83c\udfad <strong>Ngh\u1ec7 thu\u1eadt<\/strong><\/h3>\n\n\n\n<p>T\u1eeb s\u00e2n kh\u1ea5u, \u00e2m nh\u1ea1c, \u0111i\u1ec7n \u1ea3nh \u0111\u1ebfn thi\u1ebft k\u1ebf, nhi\u1ebfp \u1ea3nh, v\u00e0 ngh\u1ec7 thu\u1eadt th\u1ecb gi\u00e1c \u2013 chuy\u00ean m\u1ee5c n\u00e0y gi\u00fap Gen Z ti\u1ebfp c\u1eadn ngh\u1ec7 thu\u1eadt m\u1ed9t c\u00e1ch s\u00e2u s\u1eafc, d\u1ec5 c\u1ea3m v\u00e0 mang \u0111\u1eadm tinh th\u1ea7n c\u00e1 nh\u00e2n. Ch\u00fang t\u00f4i k\u1ec3 v\u1ec1 ngh\u1ec7 s\u0129, ph\u00e2n t\u00edch t\u00e1c ph\u1ea9m, m\u1edf l\u1ed1i \u0111\u1ec3 b\u1ea1n kh\u00e1m ph\u00e1 v\u00e0 s\u00e1ng t\u1ea1o.<\/p>\n<\/div>\n\n\n\n<div class=\"wp-block-column is-layout-flow wp-block-column-is-layout-flow\">\n<h3 class=\"wp-block-heading has-medium-font-size\">\ud83c\udf0d <strong>V\u0103n h\u00f3a \u2013 Du l\u1ecbch<\/strong><\/h3>\n\n\n\n<p>Ch\u1ea1m v\u00e0o th\u1ebf gi\u1edbi, ch\u1ea1m v\u00e0o nh\u1eefng kh\u00e1c bi\u1ec7t th\u00fa v\u1ecb.<br>Chuy\u00ean m\u1ee5c n\u00e0y \u0111\u01b0a b\u1ea1n \u0111\u1ebfn g\u1ea7n h\u01a1n v\u1edbi c\u00e1c n\u1ec1n v\u0103n h\u00f3a tr\u00ean kh\u1eafp th\u1ebf gi\u1edbi \u2013 t\u1eeb l\u1ec5 h\u1ed9i, \u1ea9m th\u1ef1c, truy\u1ec1n th\u1ed1ng \u0111\u1ebfn nh\u1eefng xu h\u01b0\u1edbng v\u0103n h\u00f3a m\u1edbi c\u1ee7a gi\u1edbi tr\u1ebb to\u00e0n c\u1ea7u. V\u00e0 t\u1ea5t nhi\u00ean, kh\u00f4ng th\u1ec3 thi\u1ebfu c\u00e1c g\u1ee3i \u00fd du l\u1ecbch \u0111\u1ed9c \u0111\u00e1o, g\u00f3c nh\u00ecn \u0111\u1ecba ph\u01b0\u01a1ng, tr\u1ea3i nghi\u1ec7m s\u1ed1ng ch\u1ea5t.<\/p>\n<\/div>\n<\/div>\n<\/div>\n\n\n\n<div class=\"wp-block-group alignfull is-style-section-1 has-global-padding is-content-justification-center is-layout-constrained wp-block-group-is-layout-constrained\" style=\"margin-top:0;margin-bottom:0;padding-top:var(--wp--preset--spacing--60);padding-bottom:var(--wp--preset--spacing--60)\">\n<div class=\"wp-block-columns alignwide is-layout-flex wp-container-core-columns-is-layout-08c01c1c wp-block-columns-is-layout-flex\">\n<div class=\"wp-block-column is-layout-flow wp-block-column-is-layout-flow\">\n<h3 class=\"wp-block-heading has-medium-font-size\">\ud83e\udde0 <strong>\u0110\u1eddi s\u1ed1ng<\/strong><\/h3>\n\n\n\n<p>C\u00e2u chuy\u1ec7n v\u1ec1 b\u1ea1n, v\u1ec1 t\u00f4i, v\u1ec1 Gen Z.<br>T\u00e2m l\u00fd, c\u00e1c m\u1ed1i quan h\u1ec7, s\u1ee9c kh\u1ecfe tinh th\u1ea7n, h\u1ecdc h\u00e0nh, ngh\u1ec1 nghi\u1ec7p, ti\u1ec1n b\u1ea1c \u2013 t\u1ea5t c\u1ea3 \u0111\u01b0\u1ee3c \u0111\u1ec1 c\u1eadp m\u1ed9t c\u00e1ch g\u1ea7n g\u0169i, ch\u00e2n th\u1ef1c, \u0111\u1ea7y c\u1ea3m th\u00f4ng. Ch\u1ea1m Z l\u1eafng nghe, ph\u00e2n t\u00edch v\u00e0 \u0111\u1ed3ng h\u00e0nh c\u00f9ng b\u1ea1n qua t\u1eebng giai \u0111o\u1ea1n tr\u01b0\u1edfng th\u00e0nh.<\/p>\n<\/div>\n\n\n\n<div class=\"wp-block-column is-layout-flow wp-block-column-is-layout-flow\">\n<h3 class=\"wp-block-heading has-medium-font-size\">\u26a1 <strong>Gen Z Corner<\/strong><\/h3>\n\n\n\n<p>G\u00f3c ri\u00eang cho Gen Z, b\u1edfi Gen Z v\u00e0 v\u00ec Gen Z.<br>N\u01a1i b\u1ea1n \u0111\u01b0\u1ee3c k\u1ec3 chuy\u1ec7n, \u0111\u01b0\u1ee3c th\u1ec3 hi\u1ec7n ti\u1ebfng n\u00f3i c\u00e1 nh\u00e2n, quan \u0111i\u1ec3m x\u00e3 h\u1ed9i, g\u00f3c nh\u00ecn th\u1eddi s\u1ef1 hay \u0111\u01a1n gi\u1ea3n l\u00e0 m\u1ed9t d\u00f2ng nh\u1eadt k\u00fd nh\u1ecf. \u0110\u00e2y l\u00e0 c\u1ed9ng \u0111\u1ed3ng ph\u1ea3n chi\u1ebfu ch\u00e2n th\u1ef1c cu\u1ed9c s\u1ed1ng th\u1eadt c\u1ee7a th\u1ebf h\u1ec7 Z \u2013 \u0111a d\u1ea1ng, c\u1ea3m x\u00fac v\u00e0 \u0111\u1ea7y n\u0103ng l\u01b0\u1ee3ng.<\/p>\n<\/div>\n\n\n\n<div class=\"wp-block-column is-layout-flow wp-block-column-is-layout-flow\">\n<h3 class=\"wp-block-heading has-medium-font-size\">\u270d\ufe0f <strong>Blog<\/strong><\/h3>\n\n\n\n<p>Nh\u1eb9 nh\u00e0ng, s\u00e2u l\u1eafng, c\u00e1 nh\u00e2n.<br>Ch\u1ea1m Z Blog l\u00e0 kh\u00f4ng gian \u0111\u1ec3 suy ng\u1eabm, \u0111\u1ec3 vi\u1ebft cho ch\u00ednh m\u00ecnh. \u0110\u00f3 c\u00f3 th\u1ec3 l\u00e0 b\u00e0i review s\u00e1ch, c\u1ea3m nh\u1eadn phim, m\u1ed9t bu\u1ed5i chi\u1ec1u l\u1eb7ng thinh hay m\u1ed9t \u0111\u00eam tr\u0103n tr\u1edf. M\u1ed9t v\u00f9ng \u0111\u1ea5t ri\u00eang t\u01b0 \u0111\u1ec3 chia s\u1ebb \u2013 kh\u00f4ng ph\u00e1n x\u00e9t, ch\u1ec9 c\u00f3 c\u1ea3m th\u00f4ng.<\/p>\n<\/div>\n<\/div>\n<\/div>\n\n\n\n<div class=\"wp-block-group alignfull is-style-section-1 has-global-padding is-content-justification-center is-layout-constrained wp-block-group-is-layout-constrained\" style=\"margin-top:0;margin-bottom:0;padding-top:var(--wp--preset--spacing--60);padding-bottom:var(--wp--preset--spacing--60)\">\n<div class=\"wp-block-columns alignwide is-layout-flex wp-container-core-columns-is-layout-08c01c1c wp-block-columns-is-layout-flex\">\n<div class=\"wp-block-column is-layout-flow wp-block-column-is-layout-flow\">\n<h3 class=\"wp-block-heading has-medium-font-size\">\ud83c\udfa7 <strong>Podcast<\/strong><\/h3>\n\n\n\n<p>Nghe \u0111\u1ec3 hi\u1ec3u, nghe \u0111\u1ec3 k\u1ebft n\u1ed1i.<br>Ch\u1ea1m Z Podcast l\u00e0 nh\u1eefng cu\u1ed9c tr\u00f2 chuy\u1ec7n ch\u00e2n th\u00e0nh v\u1edbi ng\u01b0\u1eddi tr\u1ebb \u2013 t\u1eeb chuy\u00ean gia, ngh\u1ec7 s\u0129 \u0111\u1ebfn ch\u00ednh \u0111\u1ed9c gi\u1ea3. Nh\u1eefng c\u00e2u chuy\u1ec7n v\u1ec1 h\u00e0nh tr\u00ecnh c\u00e1 nh\u00e2n, g\u00f3c nh\u00ecn x\u00e3 h\u1ed9i, \u0111\u1ecbnh h\u01b0\u1edbng ngh\u1ec1 nghi\u1ec7p, c\u1ea3m x\u00fac, s\u1ee9c kh\u1ecfe tinh th\u1ea7n\u2026 \u0111\u1ec1u \u0111\u01b0\u1ee3c l\u1eafng nghe v\u00e0 truy\u1ec1n c\u1ea3m h\u1ee9ng qua t\u1eebng t\u1eadp podcast.<\/p>\n<\/div>\n<\/div>\n<\/div>\n\n\n\n<div class=\"wp-block-group alignfull is-layout-flow wp-block-group-is-layout-flow\" style=\"margin-top:0;margin-bottom:0\"><\/div>\n\n\n\n<div class=\"wp-block-group alignfull is-layout-flow wp-block-group-is-layout-flow\" style=\"margin-top:0;margin-bottom:0\"><\/div>\n\n\n\n<div class=\"wp-block-group alignfull has-global-padding is-content-justification-center is-layout-constrained wp-block-group-is-layout-constrained\" style=\"margin-top:0;margin-bottom:0;padding-top:var(--wp--preset--spacing--40);padding-bottom:var(--wp--preset--spacing--40)\">\n<div class=\"wp-block-columns alignwide is-layout-flex wp-container-core-columns-is-layout-28f84493 wp-block-columns-is-layout-flex\">\n<div class=\"wp-block-column is-vertically-aligned-center has-global-padding is-content-justification-left is-layout-constrained wp-container-core-column-is-layout-614074b5 wp-block-column-is-layout-constrained\">\n<h2 class=\"wp-block-heading has-x-large-font-size\">S\u1ee9 m\u1ec7nh c\u1ee7a ch\u00fang t\u00f4i<\/h2>\n\n\n\n<p>Trong th\u1ebf gi\u1edbi nhi\u1ec5u lo\u1ea1n th\u00f4ng tin v\u00e0 kh\u00e1t khao th\u1ec3 hi\u1ec7n b\u1ea3n s\u1eafc c\u00e1 nh\u00e2n, Ch\u1ea1m Z t\u1ed3n t\u1ea1i \u0111\u1ec3 trao cho Gen Z m\u1ed9t kh\u00f4ng gian \u0111\u00e1ng tin c\u1eady, ch\u00e2n th\u1eadt v\u00e0 \u0111\u1ea7y c\u1ea3m h\u1ee9ng.<br>Ch\u00fang t\u00f4i kh\u00f4ng ch\u1ec9 c\u1eadp nh\u1eadt xu h\u01b0\u1edbng \u2013 ch\u00fang t\u00f4i k\u1ebft n\u1ed1i t\u01b0 duy, l\u00e0m gi\u00e0u c\u1ea3m x\u00fac v\u00e0 th\u00fac \u0111\u1ea9y s\u1ef1 s\u00e1ng t\u1ea1o c\u1ee7a th\u1ebf h\u1ec7 tr\u1ebb.<\/p>\n\n\n\n<p>\u201c<strong>M\u1ed9t c\u00fa ch\u1ea1m th\u00f4i \u2013 b\u1ea1n \u0111\u00e3 k\u1ebft n\u1ed1i v\u1edbi th\u1ebf gi\u1edbi, v\u00e0 c\u1ea3 ch\u00ednh m\u00ecnh.<\/strong>\u201d<\/p>\n<\/div>\n\n\n\n<div class=\"wp-block-column is-vertically-aligned-bottom is-layout-flow wp-block-column-is-layout-flow\">\n<figure class=\"wp-block-image size-full is-style-default\" style=\"margin-top:0;margin-bottom:0\"><img loading=\"lazy\" decoding=\"async\" width=\"2000\" height=\"800\" src=\"https:\/\/www.chamz.fun\/wp-content\/uploads\/2025\/06\/z6781316786419_b7f9c408b24850d559abe0b7814db661.jpg\" alt=\"\" class=\"wp-image-808\" style=\"aspect-ratio:1;object-fit:cover\" srcset=\"https:\/\/www.chamz.fun\/wp-content\/uploads\/2025\/06\/z6781316786419_b7f9c408b24850d559abe0b7814db661.jpg 2000w, https:\/\/www.chamz.fun\/wp-content\/uploads\/2025\/06\/z6781316786419_b7f9c408b24850d559abe0b7814db661-300x120.jpg 300w, https:\/\/www.chamz.fun\/wp-content\/uploads\/2025\/06\/z6781316786419_b7f9c408b24850d559abe0b7814db661-1024x410.jpg 1024w, https:\/\/www.chamz.fun\/wp-content\/uploads\/2025\/06\/z6781316786419_b7f9c408b24850d559abe0b7814db661-768x307.jpg 768w, https:\/\/www.chamz.fun\/wp-content\/uploads\/2025\/06\/z6781316786419_b7f9c408b24850d559abe0b7814db661-1536x614.jpg 1536w\" sizes=\"auto, (max-width: 2000px) 100vw, 2000px\" \/><\/figure>\n<\/div>\n<\/div>\n<\/div>\n\n\n\n<div class=\"wp-block-columns is-layout-flex wp-container-core-columns-is-layout-28f84493 wp-block-columns-is-layout-flex\">\n<div class=\"wp-block-column is-layout-flow wp-block-column-is-layout-flow\" style=\"flex-basis:100%\">\n<div class=\"wp-block-group alignfull has-global-padding is-layout-constrained wp-block-group-is-layout-constrained\" style=\"margin-top:0;margin-bottom:0;padding-top:var(--wp--preset--spacing--40);padding-bottom:var(--wp--preset--spacing--40)\">\n<div class=\"wp-block-columns alignwide is-layout-flex wp-container-core-columns-is-layout-28f84493 wp-block-columns-is-layout-flex\">\n<div class=\"wp-block-column has-global-padding is-content-justification-center is-layout-constrained wp-container-core-column-is-layout-18c31ee1 wp-block-column-is-layout-constrained\">\n<h3 class=\"wp-block-heading alignwide has-text-align-center has-large-font-size\">Tham gia c\u00f9ng Ch\u1ea1m Z<\/h3>\n\n\n\n<p class=\"has-text-align-center\">B\u1ea1n l\u00e0 ng\u01b0\u1eddi tr\u1ebb y\u00eau vi\u1ebft l\u00e1ch, k\u1ec3 chuy\u1ec7n, l\u00e0m podcast, s\u00e1ng t\u1ea1o n\u1ed9i dung? B\u1ea1n mu\u1ed1n n\u00f3i l\u00ean ti\u1ebfng n\u00f3i c\u1ee7a th\u1ebf h\u1ec7 m\u00ecnh?<br>Ch\u1ea1m Z lu\u00f4n ch\u00e0o \u0111\u00f3n c\u1ed9ng t\u00e1c vi\u00ean, c\u00e2y vi\u1ebft tr\u1ebb v\u00e0 m\u1ecdi \u00fd t\u01b0\u1edfng m\u1edbi m\u1ebb. H\u00e3y li\u00ean h\u1ec7 v\u1edbi ch\u00fang t\u00f4i \u2013 \u0111\u1ec3 c\u00f9ng t\u1ea1o n\u00ean m\u1ed9t th\u1ebf gi\u1edbi truy\u1ec1n th\u00f4ng Gen Z \u0111\u1eadm ch\u1ea5t b\u1ea1n.<\/p>\n\n\n<div class=\"free alignwide wp-block-b-blocks-mailto\" id='bBlocksMailto-1'>\n\t<style>#bBlocksMailto-1 .bBlocksMailto a.mailtoButton{ font-weight: 600;font-size: 22px;font-style: normal;text-transform: none;text-decoration: auto;line-height: 135%;letter-spacing: 0px; } @media (max-width: 768px) { #bBlocksMailto-1 .bBlocksMailto a.mailtoButton{ font-size: 20px; } } @media (max-width: 576px) { #bBlocksMailto-1 .bBlocksMailto a.mailtoButton{ font-size: 18px; } }#bBlocksMailto-1 .bBlocksMailto {  text-align: center; }#bBlocksMailto-1 .bBlocksMailto a.mailtoButton { color: #fff;background: #57d0ff; padding: 18px 45px;border-radius: 50px; box-shadow: 0px 5px 20px 0px #57d0ff; }#bBlocksMailto-1 .bBlocksMailto a.mailtoButton:hover { color: #fff;background: #1a61ab; box-shadow: 0px 5px 20px 0px #1a61ab; }<\/style>\n\n\t<div class='bBlocksMailto'>\n\t\t<a href='mailto:thuyb2405421@student.ctu.edu.vn' class='mailtoui mailtoButton'>\n\t\t\t<i class='fa fa-paper-plane'><\/i>\n\t\t\t<span>Send E-mail<\/span>\n\n\t\t\t\t\t<\/a>\n\t<\/div>\n<\/div><\/div>\n<\/div>\n<\/div>\n<\/div>\n<\/div>\n","protected":false},"excerpt":{"rendered":"<p>Ch\u1ea1m Z Ch\u1ea1m \u0111\u1ec3 hi\u1ec3u, ch\u1ea1m \u0111\u1ec3 l\u1edbn \u2013 Ch\u1ea1m Z, n\u01a1i Gen Z k\u1ebft n\u1ed1i v\u1edbi th\u1ebf gi\u1edbi! &#8220;Ch\u1ea1m Z&#8221; kh\u00f4ng ch\u1ec9 \u0111\u01a1n thu\u1ea7n l\u00e0 m\u1ed9t trang b\u00e1o \u0111i\u1ec7n t\u1eed \u2013 m\u00e0 l\u00e0 n\u01a1i k\u1ebft n\u1ed1i tri th\u1ee9c v\u00e0 lan t\u1ecfa th\u00f4ng tin v\u1edbi g\u00f3c nh\u00ecn \u0111a chi\u1ec1u. \u0110\u1eddi s\u1ed1ng, c\u00f4ng ngh\u1ec7, v\u0103n h\u00f3a [&hellip;]<\/p>\n","protected":false},"author":1,"featured_media":0,"parent":0,"menu_order":0,"comment_status":"closed","ping_status":"open","template":"","meta":{"footnotes":""},"class_list":["post-208","page","type-page","status-publish","hentry"],"featured_image_url":[],"post_author":"Oanh Nguyen","assigned_categories":"","_links":{"self":[{"href":"https:\/\/www.chamz.fun\/index.php?rest_route=\/wp\/v2\/pages\/208","targetHints":{"allow":["GET"]}}],"collection":[{"href":"https:\/\/www.chamz.fun\/index.php?rest_route=\/wp\/v2\/pages"}],"about":[{"href":"https:\/\/www.chamz.fun\/index.php?rest_route=\/wp\/v2\/types\/page"}],"author":[{"embeddable":true,"href":"https:\/\/www.chamz.fun\/index.php?rest_route=\/wp\/v2\/users\/1"}],"replies":[{"embeddable":true,"href":"https:\/\/www.chamz.fun\/index.php?rest_route=%2Fwp%2Fv2%2Fcomments&post=208"}],"version-history":[{"count":0,"href":"https:\/\/www.chamz.fun\/index.php?rest_route=\/wp\/v2\/pages\/208\/revisions"}],"wp:attachment":[{"href":"https:\/\/www.chamz.fun\/index.php?rest_route=%2Fwp%2Fv2%2Fmedia&parent=208"}],"curies":[{"name":"wp","href":"https:\/\/api.w.org\/{rel}","templated":true}]}}